{"id":12,"date":"2019-08-08T11:02:56","date_gmt":"2019-08-08T11:02:56","guid":{"rendered":"https:\/\/tta.steincastle.com\/?page_id=12"},"modified":"2021-05-04T08:39:44","modified_gmt":"2021-05-04T08:39:44","slug":"leitbild","status":"publish","type":"page","link":"https:\/\/tta.li\/en\/ueber-uns\/leitbild\/","title":{"rendered":"Mission Statement"},"content":{"rendered":"<p>We offer customers a comprehensive range of services for all their financial service needs as well as for estate planning and protection of existing assets. Customers receive all necessary information through one location and with one contact in order to protect their existing assets, to preserve them for their successors and dependents and to develop them further.<\/p>\n\n\n\n<p>We are constantly striving to improve our expertise and can therefore cover the needs of the current market.<\/p>","protected":false},"excerpt":{"rendered":"<p>Wir bieten unseren Kunden ein umfassendes Angebot f\u00fcr alle Finanzdienstleistungsbed\u00fcrfnisse, aber auch f\u00fcr die Nachfolgeplanung und den Schutz der vorhandenen Verm\u00f6genswerte an. Der Kunde h\u00e4lt an einem Ort und mit einer Kontaktaufnahme alle notwendigen Informationen, um sein bestehendes Verm\u00f6gen zu sichern, es f\u00fcr seine Nachfolger und Nachkommen zu bewahren und es weiterzuentwickeln. Wir bilden uns [&hellip;]<\/p>\n","protected":false},"author":1,"featured_media":0,"parent":8,"menu_order":0,"comment_status":"closed","ping_status":"closed","template":"","meta":{"footnotes":""},"class_list":["post-12","page","type-page","status-publish","hentry"],"_links":{"self":[{"href":"https:\/\/tta.li\/en\/wp-json\/wp\/v2\/pages\/12","targetHints":{"allow":["GET"]}}],"collection":[{"href":"https:\/\/tta.li\/en\/wp-json\/wp\/v2\/pages"}],"about":[{"href":"https:\/\/tta.li\/en\/wp-json\/wp\/v2\/types\/page"}],"author":[{"embeddable":true,"href":"https:\/\/tta.li\/en\/wp-json\/wp\/v2\/users\/1"}],"replies":[{"embeddable":true,"href":"https:\/\/tta.li\/en\/wp-json\/wp\/v2\/comments?post=12"}],"version-history":[{"count":2,"href":"https:\/\/tta.li\/en\/wp-json\/wp\/v2\/pages\/12\/revisions"}],"predecessor-version":[{"id":219,"href":"https:\/\/tta.li\/en\/wp-json\/wp\/v2\/pages\/12\/revisions\/219"}],"up":[{"embeddable":true,"href":"https:\/\/tta.li\/en\/wp-json\/wp\/v2\/pages\/8"}],"wp:attachment":[{"href":"https:\/\/tta.li\/en\/wp-json\/wp\/v2\/media?parent=12"}],"curies":[{"name":"wp","href":"https:\/\/api.w.org\/{rel}","templated":true}]}}