{"id":14,"date":"2019-08-08T11:03:40","date_gmt":"2019-08-08T11:03:40","guid":{"rendered":"https:\/\/tta.steincastle.com\/?page_id=14"},"modified":"2021-05-17T06:29:18","modified_gmt":"2021-05-17T06:29:18","slug":"geschichte","status":"publish","type":"page","link":"https:\/\/tta.li\/en\/ueber-uns\/geschichte\/","title":{"rendered":"History"},"content":{"rendered":"<p class=\"translation-block\">In 1977 TTA Trevisa-Treuhand-Anstalt was founded by Kuno Frick Sr. (\u2020 June 27, 2017). He was also the founding president of Bank Frick &amp; Co. AG. TTA has grown steadily since then. An important step was taken in January 2016 when the Liechtenstein trust companies Zentauros, ZEN Tax Consulting, Trevalis and TTA merged their business activities.<\/p>\n\n\n\n<p>ZEN Tax Consulting also looks back on a long history. Franz Laternser (\u2020 July 12, 2003) founded a trust office in the early 1970s. From this, the Laternser Treuhand Anstalt developed in 2003 and gradually became known as ZEN Tax Consulting.<\/p>\n\n\n\n<p>Zentauros was founded in 2002 by Romano Rheinberger, primarily providing services for trusts and foundations.<\/p>\n\n\n\n<p>The merged company is operating under the name TTA Trevisa-Treuhand-Anstalt has been providing services since 2016. \nAt the end of 2020 our long-term partner Yvonne N\u00e4gele retired and Mario Frick resigned from the board to devote more time to his work at Bank Frick and his law firm. This has led to a newly appointed and significantly rejuvenated management team. With the new changes, TTA will continue to demonstrate continuity for its long-standing customers.<\/p>","protected":false},"excerpt":{"rendered":"<p>Kuno Frick sen. (\u2020 27.6.2017) gr\u00fcndete im Jahre 1977 die&nbsp;TTA Trevisa-Treuhand-Anstalt. Er war ebenfalls Gr\u00fcndungspr\u00e4sident der Bank Frick &amp; Co. AG. Das Unternehmen ist seitdem stetig gewachsen. Im Januar 2016 konnte ein wichtiger Schritt vollzogen werden: Die liechtensteinischen Treuhandunternehmen Zentauros, ZEN Tax Consulting, Trevalis und TTA legten ihre Gesch\u00e4ftst\u00e4tigkeiten zusammen. ZEN Tax Consulting blickt ebenfalls [&hellip;]<\/p>\n","protected":false},"author":1,"featured_media":0,"parent":8,"menu_order":0,"comment_status":"closed","ping_status":"closed","template":"","meta":{"footnotes":""},"class_list":["post-14","page","type-page","status-publish","hentry"],"_links":{"self":[{"href":"https:\/\/tta.li\/en\/wp-json\/wp\/v2\/pages\/14","targetHints":{"allow":["GET"]}}],"collection":[{"href":"https:\/\/tta.li\/en\/wp-json\/wp\/v2\/pages"}],"about":[{"href":"https:\/\/tta.li\/en\/wp-json\/wp\/v2\/types\/page"}],"author":[{"embeddable":true,"href":"https:\/\/tta.li\/en\/wp-json\/wp\/v2\/users\/1"}],"replies":[{"embeddable":true,"href":"https:\/\/tta.li\/en\/wp-json\/wp\/v2\/comments?post=14"}],"version-history":[{"count":4,"href":"https:\/\/tta.li\/en\/wp-json\/wp\/v2\/pages\/14\/revisions"}],"predecessor-version":[{"id":226,"href":"https:\/\/tta.li\/en\/wp-json\/wp\/v2\/pages\/14\/revisions\/226"}],"up":[{"embeddable":true,"href":"https:\/\/tta.li\/en\/wp-json\/wp\/v2\/pages\/8"}],"wp:attachment":[{"href":"https:\/\/tta.li\/en\/wp-json\/wp\/v2\/media?parent=14"}],"curies":[{"name":"wp","href":"https:\/\/api.w.org\/{rel}","templated":true}]}}