{"id":16,"date":"2019-08-08T11:04:20","date_gmt":"2019-08-08T11:04:20","guid":{"rendered":"https:\/\/tta.steincastle.com\/?page_id=16"},"modified":"2021-05-04T08:11:57","modified_gmt":"2021-05-04T08:11:57","slug":"partner","status":"publish","type":"page","link":"https:\/\/tta.li\/en\/ueber-uns\/partner\/","title":{"rendered":"Partners"},"content":{"rendered":"<p><strong>Gesch\u00e4ftsleitung<\/strong><\/p>\n\n\n\n<ul class=\"wp-block-list\"><li><strong>Clemens Laternser<\/strong>, Managing Director, Partner<\/li><li><strong>Christoph Schmid, <\/strong>Head of Accounting<\/li><li><strong>Alexandra Ackermann-N\u00e4gele,<\/strong> Head of Compliance, Partner<\/li><li><strong>Romano Rheinberger<\/strong>, Trust Specialist, Partner<\/li><li><strong>Marcel Telser, <\/strong>Head of Legal<\/li><\/ul>","protected":false},"excerpt":{"rendered":"<p>Gesch\u00e4ftsleitung Clemens Laternser, Gesch\u00e4ftsf\u00fchrer, Partner Christoph Schmid, Leiter Buchhaltungsabteilung Alexandra Ackermann-N\u00e4gele, Leiterin Compliance, Partner Romano Rheinberger, Trustspezialist, Partner Marcel Telser, Leiter Legal<\/p>","protected":false},"author":1,"featured_media":0,"parent":8,"menu_order":0,"comment_status":"closed","ping_status":"closed","template":"","meta":{"footnotes":""},"class_list":["post-16","page","type-page","status-publish","hentry"],"_links":{"self":[{"href":"https:\/\/tta.li\/en\/wp-json\/wp\/v2\/pages\/16","targetHints":{"allow":["GET"]}}],"collection":[{"href":"https:\/\/tta.li\/en\/wp-json\/wp\/v2\/pages"}],"about":[{"href":"https:\/\/tta.li\/en\/wp-json\/wp\/v2\/types\/page"}],"author":[{"embeddable":true,"href":"https:\/\/tta.li\/en\/wp-json\/wp\/v2\/users\/1"}],"replies":[{"embeddable":true,"href":"https:\/\/tta.li\/en\/wp-json\/wp\/v2\/comments?post=16"}],"version-history":[{"count":3,"href":"https:\/\/tta.li\/en\/wp-json\/wp\/v2\/pages\/16\/revisions"}],"predecessor-version":[{"id":216,"href":"https:\/\/tta.li\/en\/wp-json\/wp\/v2\/pages\/16\/revisions\/216"}],"up":[{"embeddable":true,"href":"https:\/\/tta.li\/en\/wp-json\/wp\/v2\/pages\/8"}],"wp:attachment":[{"href":"https:\/\/tta.li\/en\/wp-json\/wp\/v2\/media?parent=16"}],"curies":[{"name":"wp","href":"https:\/\/api.w.org\/{rel}","templated":true}]}}