{"id":18,"date":"2019-08-08T11:04:50","date_gmt":"2019-08-08T11:04:50","guid":{"rendered":"https:\/\/tta.steincastle.com\/?page_id=18"},"modified":"2021-04-30T14:00:57","modified_gmt":"2021-04-30T14:00:57","slug":"dienstleistungen","status":"publish","type":"page","link":"https:\/\/tta.li\/en\/dienstleistungen\/","title":{"rendered":"Services"},"content":{"rendered":"<p>Our services include establishing and managing legal entities, trusts and foundations in Liechtenstein as well as foreign legal entities in various jurisdictions.<\/p>\n\n\n\n<p>In addition, we also offer takeover and management of accounting mandates for legal entities, as well as for private individuals. Furthermore our expertise covers financial and economic advice as well as tax advice and planning.<\/p>\n\n\n\n<p>In association with network partners, we also offer investment advice and asset management. We work closely with various providers so that we can offer our clients a comprehensive product from fund solutions to insurance solutions.<\/p>","protected":false},"excerpt":{"rendered":"<p>Wir gr\u00fcnden, errichten und verwalten juristische Personen und Treuh\u00e4nderschaften in Liechtenstein sowie ausl\u00e4ndische juristische Personen in verschiedenen Jurisdiktionen. Daneben bieten wir auch die Verwaltung und die \u00dcbernahme von Buchhaltungsmandaten f\u00fcr juristische Personen, aber auch f\u00fcr Privatpersonen, an. Zudem sind wir Experten in der Finanz- und Wirtschaftsberatung sowie der Steuerberatung und -planung. Im Verbund mit Netzwerkpartnern [&hellip;]<\/p>\n","protected":false},"author":1,"featured_media":0,"parent":0,"menu_order":0,"comment_status":"closed","ping_status":"closed","template":"","meta":{"footnotes":""},"class_list":["post-18","page","type-page","status-publish","hentry"],"_links":{"self":[{"href":"https:\/\/tta.li\/en\/wp-json\/wp\/v2\/pages\/18","targetHints":{"allow":["GET"]}}],"collection":[{"href":"https:\/\/tta.li\/en\/wp-json\/wp\/v2\/pages"}],"about":[{"href":"https:\/\/tta.li\/en\/wp-json\/wp\/v2\/types\/page"}],"author":[{"embeddable":true,"href":"https:\/\/tta.li\/en\/wp-json\/wp\/v2\/users\/1"}],"replies":[{"embeddable":true,"href":"https:\/\/tta.li\/en\/wp-json\/wp\/v2\/comments?post=18"}],"version-history":[{"count":3,"href":"https:\/\/tta.li\/en\/wp-json\/wp\/v2\/pages\/18\/revisions"}],"predecessor-version":[{"id":211,"href":"https:\/\/tta.li\/en\/wp-json\/wp\/v2\/pages\/18\/revisions\/211"}],"wp:attachment":[{"href":"https:\/\/tta.li\/en\/wp-json\/wp\/v2\/media?parent=18"}],"curies":[{"name":"wp","href":"https:\/\/api.w.org\/{rel}","templated":true}]}}