{"id":20,"date":"2019-08-08T11:05:25","date_gmt":"2019-08-08T11:05:25","guid":{"rendered":"https:\/\/tta.steincastle.com\/?page_id=20"},"modified":"2021-04-30T14:02:39","modified_gmt":"2021-04-30T14:02:39","slug":"gruendung-von-firmen","status":"publish","type":"page","link":"https:\/\/tta.li\/en\/dienstleistungen\/gruendung-von-firmen\/","title":{"rendered":"Formation of companies"},"content":{"rendered":"<p>We set up all kinds of corporations. Liechtenstein personal and corporate law (PGR) allows us to set up a wide variety of corporations, stock corporations, GmbHs, establishments as well as limited and general partnerships and institutions. In principle, any form of company that is possible abroad can also be set up in Liechtenstein.<\/p>\n\n\n\n<p>In addition, we have an extensive network of contacts, so that we can also offer foreign corporations and foundations in other jurisdictions.<\/p>\n\n\n\n<p>If you require, we are happy to take on the accompanying services such as administration, accounting, auditing and asset management for your company.<\/p>","protected":false},"excerpt":{"rendered":"<p>Wir gr\u00fcnden Kapitalgesellschaften jeglicher Art. Das liechtensteinische Personen- und Gesellschaftsrecht (PGR) er\u00f6ffnet die M\u00f6glichkeit, verschiedenste Kapitalgesellschaften, Aktiengesellschaften, GmbHs, Kommandit- und Kollektivgesellschaften sowie Anstalten zu errichten. Grunds\u00e4tzlich kann jede auch im Ausland m\u00f6gliche Gesellschaftsform auch in Liechtenstein errichtet werden. Dar\u00fcber hinaus verf\u00fcgen wir \u00fcber ein ausgedehntes Netz an Kontakten, sodass wir auch ausl\u00e4ndische Kapitalgesellschaften und Stiftungen [&hellip;]<\/p>\n","protected":false},"author":1,"featured_media":0,"parent":18,"menu_order":0,"comment_status":"closed","ping_status":"closed","template":"","meta":{"footnotes":""},"class_list":["post-20","page","type-page","status-publish","hentry"],"_links":{"self":[{"href":"https:\/\/tta.li\/en\/wp-json\/wp\/v2\/pages\/20","targetHints":{"allow":["GET"]}}],"collection":[{"href":"https:\/\/tta.li\/en\/wp-json\/wp\/v2\/pages"}],"about":[{"href":"https:\/\/tta.li\/en\/wp-json\/wp\/v2\/types\/page"}],"author":[{"embeddable":true,"href":"https:\/\/tta.li\/en\/wp-json\/wp\/v2\/users\/1"}],"replies":[{"embeddable":true,"href":"https:\/\/tta.li\/en\/wp-json\/wp\/v2\/comments?post=20"}],"version-history":[{"count":3,"href":"https:\/\/tta.li\/en\/wp-json\/wp\/v2\/pages\/20\/revisions"}],"predecessor-version":[{"id":212,"href":"https:\/\/tta.li\/en\/wp-json\/wp\/v2\/pages\/20\/revisions\/212"}],"up":[{"embeddable":true,"href":"https:\/\/tta.li\/en\/wp-json\/wp\/v2\/pages\/18"}],"wp:attachment":[{"href":"https:\/\/tta.li\/en\/wp-json\/wp\/v2\/media?parent=20"}],"curies":[{"name":"wp","href":"https:\/\/api.w.org\/{rel}","templated":true}]}}