{"id":22,"date":"2019-08-08T11:06:00","date_gmt":"2019-08-08T11:06:00","guid":{"rendered":"https:\/\/tta.steincastle.com\/?page_id=22"},"modified":"2021-04-27T13:42:59","modified_gmt":"2021-04-27T13:42:59","slug":"gruendung-von-stiftungen","status":"publish","type":"page","link":"https:\/\/tta.li\/en\/dienstleistungen\/gruendung-von-stiftungen\/","title":{"rendered":"Formation of foundations"},"content":{"rendered":"<p>The foundation is an independent asset with a legal personality. It is suitable for charitable purposes, but also for supporting families and people. The Liechtenstein foundation law was amended in 2009 and corresponds to international standards.<\/p>\n\n\n\n<p>In principle, the benefactor (economic founder) can freely choose the purpose of the foundation. The benefactor is also free to pursue non profit or private purposes and to set up the foundation, for example, to provide for his or her own family members. The benefactor must at least define the purpose of the foundation and define the circle of beneficiaries in the foundation documents.<\/p>\n\n\n\n<p>We are happy to carry out the foundation for you on a fiduciary basis. Of course, all rights that the founder has reserved remain with him personally. The founder's rights are not transferable and cannot be inherited. The founder can also belong to the board of trustees and \/ or be a beneficiary himself. However, this may have an impact on the asset-securing structure of the foundation.<\/p>\n\n\n\n<p>Non-profit foundations are subject to the supervision of a newly-established foundations supervisory authority. In addition, they also have to appoint an auditor to check whether the foundation's asset management is conscientiously pursuing the foundation's intended purpose. These additional requirements do not apply to private purpose foundations.<\/p>","protected":false},"excerpt":{"rendered":"<p>Die Stiftung ist ein verselbst\u00e4ndigtes Verm\u00f6gen mit juristischer Pers\u00f6nlichkeit. Sie eignet sich f\u00fcr gemeinn\u00fctzige Zwecke, aber auch f\u00fcr die Unterst\u00fctzung bestimmter Familien und Personen. Das liechtensteinische Stiftungsrecht wurde im Jahre 2009 novelliert und entspricht internationalen Standards. Der &nbsp;Stifter kann den Stiftungszweck grunds\u00e4tzlich frei w\u00e4hlen. Es steht ihm frei, gemeinn\u00fctzige oder privatn\u00fctzige Zwecke zu verfolgen und [&hellip;]<\/p>\n","protected":false},"author":1,"featured_media":0,"parent":18,"menu_order":0,"comment_status":"closed","ping_status":"closed","template":"","meta":{"footnotes":""},"class_list":["post-22","page","type-page","status-publish","hentry"],"_links":{"self":[{"href":"https:\/\/tta.li\/en\/wp-json\/wp\/v2\/pages\/22","targetHints":{"allow":["GET"]}}],"collection":[{"href":"https:\/\/tta.li\/en\/wp-json\/wp\/v2\/pages"}],"about":[{"href":"https:\/\/tta.li\/en\/wp-json\/wp\/v2\/types\/page"}],"author":[{"embeddable":true,"href":"https:\/\/tta.li\/en\/wp-json\/wp\/v2\/users\/1"}],"replies":[{"embeddable":true,"href":"https:\/\/tta.li\/en\/wp-json\/wp\/v2\/comments?post=22"}],"version-history":[{"count":2,"href":"https:\/\/tta.li\/en\/wp-json\/wp\/v2\/pages\/22\/revisions"}],"predecessor-version":[{"id":175,"href":"https:\/\/tta.li\/en\/wp-json\/wp\/v2\/pages\/22\/revisions\/175"}],"up":[{"embeddable":true,"href":"https:\/\/tta.li\/en\/wp-json\/wp\/v2\/pages\/18"}],"wp:attachment":[{"href":"https:\/\/tta.li\/en\/wp-json\/wp\/v2\/media?parent=22"}],"curies":[{"name":"wp","href":"https:\/\/api.w.org\/{rel}","templated":true}]}}