{"id":24,"date":"2019-08-08T11:06:32","date_gmt":"2019-08-08T11:06:32","guid":{"rendered":"https:\/\/tta.steincastle.com\/?page_id=24"},"modified":"2021-05-04T08:40:15","modified_gmt":"2021-05-04T08:40:15","slug":"nachlassplanung","status":"publish","type":"page","link":"https:\/\/tta.li\/en\/dienstleistungen\/nachlassplanung\/","title":{"rendered":"Estate planning"},"content":{"rendered":"<p>We offer comprehensive services for estate planning either ourselves or in cooperation with domestic and foreign law firms.<\/p>\n\n\n\n<p>Foundations and trusts can be set up to secure an estate or for the purposes of inheritance planning. In addition we offer conventional will and succession planning.<\/p>","protected":false},"excerpt":{"rendered":"<p>Wir bieten umfassende Dienstleistungen f\u00fcr die Nachlassplanung an. Diese Dienstleistungen erbringen wir je nach dem selbst oder in Zusammenarbeit mit in- und ausl\u00e4ndischen Rechtsanwaltskanzleien. Zur Sicherung des Nachlasses bzw. zur Regelung der Nachfolge k\u00f6nnen beispielsweise Stiftungen und Trusts errichtet werden. Dar\u00fcber hinaus bieten wir aber auch eine klassische Testaments- und Nachfolgeplanung an.<\/p>","protected":false},"author":1,"featured_media":0,"parent":18,"menu_order":0,"comment_status":"closed","ping_status":"closed","template":"","meta":{"footnotes":""},"class_list":["post-24","page","type-page","status-publish","hentry"],"_links":{"self":[{"href":"https:\/\/tta.li\/en\/wp-json\/wp\/v2\/pages\/24","targetHints":{"allow":["GET"]}}],"collection":[{"href":"https:\/\/tta.li\/en\/wp-json\/wp\/v2\/pages"}],"about":[{"href":"https:\/\/tta.li\/en\/wp-json\/wp\/v2\/types\/page"}],"author":[{"embeddable":true,"href":"https:\/\/tta.li\/en\/wp-json\/wp\/v2\/users\/1"}],"replies":[{"embeddable":true,"href":"https:\/\/tta.li\/en\/wp-json\/wp\/v2\/comments?post=24"}],"version-history":[{"count":4,"href":"https:\/\/tta.li\/en\/wp-json\/wp\/v2\/pages\/24\/revisions"}],"predecessor-version":[{"id":220,"href":"https:\/\/tta.li\/en\/wp-json\/wp\/v2\/pages\/24\/revisions\/220"}],"up":[{"embeddable":true,"href":"https:\/\/tta.li\/en\/wp-json\/wp\/v2\/pages\/18"}],"wp:attachment":[{"href":"https:\/\/tta.li\/en\/wp-json\/wp\/v2\/media?parent=24"}],"curies":[{"name":"wp","href":"https:\/\/api.w.org\/{rel}","templated":true}]}}