{"id":28,"date":"2019-08-08T11:07:31","date_gmt":"2019-08-08T11:07:31","guid":{"rendered":"https:\/\/tta.steincastle.com\/?page_id=28"},"modified":"2021-05-04T08:41:29","modified_gmt":"2021-05-04T08:41:29","slug":"asset-protection","status":"publish","type":"page","link":"https:\/\/tta.li\/en\/dienstleistungen\/asset-protection\/","title":{"rendered":"Wealth Preservation"},"content":{"rendered":"<p><strong>Wealth Preservation \u2013 Asset protection<\/strong><\/p>\n\n\n\n<p>Wealth preservation refers to a wide range of measures intended to protect a person's assets from potential risk situations.<\/p>\n\n\n\n<p class=\"translation-block\">Nowadays it is sometimes rather difficult for entrepreneurs to manage their companies without occasionally ending up with the risk of liability. \nAnyone who has heard of punitive damage in the USA will know that sometimes seemingly trivial issues can trigger unbelievable and unwanted liabilities. It is therefore more than understandable that a responsible entrepreneur would want to secure certain assets for his or her family. This can be done for example through trusts or foundations.<\/p>\n\n\n\n<p>It depends to a great extent on the existing situation, the primary residence of the concerned parties and the risk they are exposed to. In certain circumstances, for instance, a conventional insurance solution may be best. In order to prevent too much money from being tied up and therefore unavailable for business activities such a structure should be accompanied by reliable asset management.<\/p>","protected":false},"excerpt":{"rendered":"<p>Wealth Preservation &#8211; Verm\u00f6genssicherung Unter Wealth Preservation versteht man verschiedenste Massnahmen, die das Verm\u00f6gen einer Person vor einer potenziellen Risikolage sch\u00fctzen sollen. Diese k\u00f6nnen unterschiedlichster Natur sein. Heutzutage ist es f\u00fcr Unternehmer zum Teil recht schwierig zu wirtschaften, ohne in extreme Haftungsrisiken zu geraten. Wer schon von den sogenannten\u00a0Punitive Damages\u00a0in den USA geh\u00f6rt hat, weiss, [&hellip;]<\/p>\n","protected":false},"author":1,"featured_media":0,"parent":18,"menu_order":0,"comment_status":"closed","ping_status":"closed","template":"","meta":{"footnotes":""},"class_list":["post-28","page","type-page","status-publish","hentry"],"_links":{"self":[{"href":"https:\/\/tta.li\/en\/wp-json\/wp\/v2\/pages\/28","targetHints":{"allow":["GET"]}}],"collection":[{"href":"https:\/\/tta.li\/en\/wp-json\/wp\/v2\/pages"}],"about":[{"href":"https:\/\/tta.li\/en\/wp-json\/wp\/v2\/types\/page"}],"author":[{"embeddable":true,"href":"https:\/\/tta.li\/en\/wp-json\/wp\/v2\/users\/1"}],"replies":[{"embeddable":true,"href":"https:\/\/tta.li\/en\/wp-json\/wp\/v2\/comments?post=28"}],"version-history":[{"count":4,"href":"https:\/\/tta.li\/en\/wp-json\/wp\/v2\/pages\/28\/revisions"}],"predecessor-version":[{"id":221,"href":"https:\/\/tta.li\/en\/wp-json\/wp\/v2\/pages\/28\/revisions\/221"}],"up":[{"embeddable":true,"href":"https:\/\/tta.li\/en\/wp-json\/wp\/v2\/pages\/18"}],"wp:attachment":[{"href":"https:\/\/tta.li\/en\/wp-json\/wp\/v2\/media?parent=28"}],"curies":[{"name":"wp","href":"https:\/\/api.w.org\/{rel}","templated":true}]}}