{"id":30,"date":"2019-08-08T11:08:08","date_gmt":"2019-08-08T11:08:08","guid":{"rendered":"https:\/\/tta.steincastle.com\/?page_id=30"},"modified":"2021-04-27T13:48:19","modified_gmt":"2021-04-27T13:48:19","slug":"steuerrecht","status":"publish","type":"page","link":"https:\/\/tta.li\/en\/dienstleistungen\/steuerrecht\/","title":{"rendered":"Tax law"},"content":{"rendered":"<p>Liechtenstein has a modern, attractive and internationally recognized tax system. Legal entities are taxed with a uniform, proportional income tax (flat tax) in the amount of 12.5% with the possibility of a deduction of equity interest. A capital tax is waived.<\/p>\n\n\n\n<p>Legal entities which do not carry out any economic activities and are exclusively active in asset management can also apply for the status of a private asset structure (PVS). Once the application has been approved, these legal entities are subject to the current annual minimum income tax of CHF 1,800.<\/p>\n\n\n\n<p>Liechtenstein does not levy withholding taxes on interest, dividends and royalties. This and numerous double taxation agreements make Liechtenstein very interesting for international holding companies.\nDue to the comparatively low income tax, the Liechtenstein tax system offers attractive framework conditions for trade and industry, for holding structures, funds, trust companies, insurance companies and banks.<\/p>","protected":false},"excerpt":{"rendered":"<p>Liechtenstein verf\u00fcgt \u00fcber ein modernes, attraktives und international anerkanntes Steuersystem. Juristische Personen werden mit einer einheitlichen, proportionalen Ertragssteuer (Flat Tax) in der H\u00f6he von 12.5 % mit der M\u00f6glichkeit eines Eigenkapitalzinsabzuges besteuert. Auf die Erhebung einer Kapitalsteuer wird verzichtet. Juristische Personen, die keine wirtschaftlichen T\u00e4tigkeiten aus\u00fcben und ausschliesslich verm\u00f6gensverwaltend t\u00e4tig sind, k\u00f6nnen zudem den Status [&hellip;]<\/p>\n","protected":false},"author":1,"featured_media":0,"parent":18,"menu_order":0,"comment_status":"closed","ping_status":"closed","template":"","meta":{"footnotes":""},"class_list":["post-30","page","type-page","status-publish","hentry"],"_links":{"self":[{"href":"https:\/\/tta.li\/en\/wp-json\/wp\/v2\/pages\/30","targetHints":{"allow":["GET"]}}],"collection":[{"href":"https:\/\/tta.li\/en\/wp-json\/wp\/v2\/pages"}],"about":[{"href":"https:\/\/tta.li\/en\/wp-json\/wp\/v2\/types\/page"}],"author":[{"embeddable":true,"href":"https:\/\/tta.li\/en\/wp-json\/wp\/v2\/users\/1"}],"replies":[{"embeddable":true,"href":"https:\/\/tta.li\/en\/wp-json\/wp\/v2\/comments?post=30"}],"version-history":[{"count":2,"href":"https:\/\/tta.li\/en\/wp-json\/wp\/v2\/pages\/30\/revisions"}],"predecessor-version":[{"id":185,"href":"https:\/\/tta.li\/en\/wp-json\/wp\/v2\/pages\/30\/revisions\/185"}],"up":[{"embeddable":true,"href":"https:\/\/tta.li\/en\/wp-json\/wp\/v2\/pages\/18"}],"wp:attachment":[{"href":"https:\/\/tta.li\/en\/wp-json\/wp\/v2\/media?parent=30"}],"curies":[{"name":"wp","href":"https:\/\/api.w.org\/{rel}","templated":true}]}}