{"id":49,"date":"2019-08-08T11:14:58","date_gmt":"2019-08-08T11:14:58","guid":{"rendered":"https:\/\/tta.steincastle.com\/?page_id=49"},"modified":"2024-04-12T12:10:38","modified_gmt":"2024-04-12T12:10:38","slug":"impressum-datenschutz","status":"publish","type":"page","link":"https:\/\/tta.li\/en\/impressum-datenschutz\/","title":{"rendered":"Imprint &amp; Privacy Policy"},"content":{"rendered":"\n<p>Impressum &amp; Datenschutz<\/p>\n\n\n\n<p>Alle Inhalte \u00a9 Copyright&nbsp;<br>TTA Trevisa-Treuhand-Anstalt<\/p>\n\n\n\n<p><strong>Publikation und Verwaltung der Inhalte:<\/strong><br>TTA Trevisa-Treuhand-Anstalt<br>Landstrasse 15, Postfach 163<br>FL-9496 Balzers, F\u00fcrstentum Liechtenstein<br>Telefon +423 388 15 15<br>Fax +423 388 15 30<\/p>\n\n\n\n<p><strong>Technische Verwaltung:<br><\/strong>SteinCastle GmbH<br>Telefon&nbsp;+41 79 66 11 600<br>Internet:&nbsp;<a rel=\"noreferrer noopener\" href=\"http:\/\/www.steincastle.com\/\" target=\"_blank\"><strong>steincastle.com<\/strong><\/a><\/p>\n\n\n\n<p><strong>Website Konzept, Webdesign und Programmierung:<br><\/strong>SteinCastle GmbH,&nbsp;<a href=\"http:\/\/www.steincastle.com\/\" target=\"_blank\" rel=\"noreferrer noopener\"><strong>steincastle.com<\/strong><\/a><\/p>\n\n\n\n<div style=\"height:40px\" aria-hidden=\"true\" class=\"wp-block-spacer\"><\/div>\n\n\n\n<hr class=\"wp-block-separator has-css-opacity\"\/>\n\n\n\n<div style=\"height:45px\" aria-hidden=\"true\" class=\"wp-block-spacer\"><\/div>\n\n\n\n<h1 class=\"wp-block-heading\">Datenschutzerkl\u00e4rung<\/h1>\n\n\n\n<p>Version vom 10.04.2024<\/p>\n\n\n\n<p>Vielen Dank f\u00fcr Ihr Interesse an unserem Unternehmen. Datenschutz ist uns wichtig und entsprechend erl\u00e4utern wir Ihnen in dieser Datenschutzerkl\u00e4rung, wie wir welche personenbezogenen Daten (kurz: \u201ePersonendaten\u201c, d.h. Daten welche sich auf eine bestimmte oder bestimmbare Person beziehen, wie beispielsweise Name, Adresse, Nationalit\u00e4t, E-Mail-Adresse, Interessen und Hobbies, Nutzerverhalten auf Webseiten) erheben und bearbeiten. Die vorliegende Datenschutzerkl\u00e4rung st\u00fctzt sich auf die EU-Datenschutzgrundverordnung (kurz: \u201eDSGVO\u201c).<\/p>\n\n\n\n<h2 class=\"wp-block-heading\">1 Verantwortlicher, Datenschutzbeauftragter und Vertreter<\/h2>\n\n\n\n<p>Datenschutzrechtlich verantwortlich ist die TTA Trevisa-Treuhand-Anstalt, Landstrasse 14, LI-9496 Balzers.<\/p>\n\n\n\n<p>Die Kontaktdaten des Datenschutzbeauftragten lauten wie folgt:<\/p>\n\n\n\n<p>Adresse: Landstrasse 14, LI-9496 Balzers<br>Email:&nbsp;<a href=\"https:\/\/mail.google.com\/mail\/?view=cm&amp;fs=1&amp;tf=1&amp;to=datenschutzbeauftragter@tta.li\" target=\"_blank\" rel=\"noreferrer noopener\">datenschutzbeauftragter@tta.li<br><\/a>Telefonnummer: +423 388 15 15<\/p>\n\n\n\n<h2 class=\"wp-block-heading\">2 Erhebung personenbezogener Daten und Zwecke der Verarbeitung<\/h2>\n\n\n\n<p>Die Verarbeitung personenbezogener Daten beschr\u00e4nken wir prim\u00e4r auf Personendaten, welche wir im Zusammenhang mit unseren Dienstleistungen und Produkten von unseren Kunden, unseren Kooperationspartnern oder weiteren involvierten Personen erhalten oder welche wir auf unseren Websites, Apps oder anderen Anwendungen von den Nutzern erheben.<\/p>\n\n\n\n<p>Insbesondere erheben wir von Ihnen fallspezifisch und je nach Zweck (siehe unten) folgende personenbezogenen Daten:<\/p>\n\n\n\n<ul class=\"wp-block-list\">\n<li>Anrede \/ Titel<\/li>\n\n\n\n<li>Vorname, Nachname<\/li>\n\n\n\n<li>Adresse<\/li>\n\n\n\n<li>E-Mail-Adresse<\/li>\n\n\n\n<li>Telefonnummer(n)<\/li>\n\n\n\n<li>Geburtsdatum<\/li>\n\n\n\n<li>Nationalit\u00e4t<\/li>\n\n\n\n<li>Hobbies \/ pers\u00f6nliche Interessen<\/li>\n\n\n\n<li>Steueridentifikationsnummer<\/li>\n\n\n\n<li>Bankdaten<\/li>\n\n\n\n<li>IP-Adresse<\/li>\n\n\n\n<li>Firmenzugeh\u00f6rigkeit<\/li>\n<\/ul>\n\n\n\n<p>Dar\u00fcber hinaus beziehen und verarbeiten wir, sofern erlaubt und angezeigt, fallspezifisch weitere Daten aus \u00f6ffentlich zug\u00e4nglichen Quellen (z.B. Grundbuch, Handelsregister, Medien, Internet, World-Check) oder erhalten solche Daten von anderen Gruppenunternehmen, von Beh\u00f6rden und Institutionen, aus Ihrem pers\u00f6nlichen Umfeld wie Familie, Rechtsberater) oder von sonstigen Dritten.<\/p>\n\n\n\n<p>Diese Daten ben\u00f6tigen wir insbesondere zur Erf\u00fcllung folgender Zwecke:<\/p>\n\n\n\n<ul class=\"wp-block-list\">\n<li>zu Ihrer Identifikation als Kunde oder Kooperationspartner oder Nutzer unserer Website<\/li>\n\n\n\n<li>zur Korrespondenz mit Ihnen<\/li>\n\n\n\n<li>zur Durchf\u00fchrung unserer Sorgfaltspflichten<\/li>\n\n\n\n<li>zur Einhaltung weiterer gesetzlicher Bestimmungen<\/li>\n\n\n\n<li>zum Abschluss und zur Abwicklung von Dienstleistungsvertr\u00e4gen, z.B. Gr\u00fcndungsauftrag, Mandatsvertrag, Verm\u00f6gensverwaltungsvertrag etc.<\/li>\n\n\n\n<li>zum Abschluss und zur Abwicklung von Kauf- und Verkaufsvertr\u00e4gen, z.B. f\u00fcr den Einkauf von Produkten von Lieferanten oder Verkauf an Interessenten<\/li>\n\n\n\n<li>zur Rechnungsstellung<\/li>\n\n\n\n<li>zur Erbringung weiterer Dienstleistungen aus unserem Unternehmen oder gegebenenfalls in Zusammenarbeit mit Dritten<\/li>\n\n\n\n<li>zur Erbringung bestm\u00f6glicher und massgeschneiderter Dienstleistungen Ihnen gegen\u00fcber und zur Weiterentwicklung unseres Dienstleistungs- und Produktangebots<\/li>\n\n\n\n<li>zur Kommunikation mit Dritten (z.B. Medien)<\/li>\n\n\n\n<li>zur Beurteilung und Beantwortung von Bewerbungen<\/li>\n\n\n\n<li>zur Bewerbung und Vermarktung unserer Dienstleistungen und Produkte (soweit Sie zur Nutzung Ihrer Daten hierf\u00fcr keinen Widerspruch eingelegt haben)<\/li>\n\n\n\n<li>zur Geltendmachung rechtlicher Anspr\u00fcche oder Verteidigung unserer Position allgemein<\/li>\n\n\n\n<li>zur Sicherstellung unseres Betriebs allgemein (z.B. IT, Websites, Apps)<\/li>\n\n\n\n<li>zur Wahrung weiterer Sicherheitsaspekte<\/li>\n<\/ul>\n\n\n\n<p>Wir verarbeiten Ihre personenbezogenen Daten nur, sofern wir eine gesetzliche (z.B. Sorgfaltspflicht oder vertragliche (z.B. Gr\u00fcndungsauftrag Basis haben oder die Datenverarbeitung f\u00fcr die Wahrnehmung einer Aufgabe erforderlich ist, die im \u00f6ffentlichen Interesse liegt oder in Aus\u00fcbung \u00f6ffentlicher Gewalt erfolgt. Daten dar\u00fcber hinaus verarbeiten wir nur, sofern wir von Ihnen eine Einwilligung haben und kein Widerruf vorliegt. Oder wenn ein berechtigtes Interesse unsererseits \u00fcberwiegt (z.B. Fortsetzung der Zustellung von Newslettern an bestehende Kunden, sofern auch hier kein Widerruf vorliegt). Eine Einwilligung ist jederzeit widerrufbar.&nbsp;<\/p>\n\n\n\n<h2 class=\"wp-block-heading\">3 Empf\u00e4nger der personenbezogenen Daten und Daten\u00fcbermittlung ins Ausland<\/h2>\n\n\n\n<p>Wir geben Ihre personenbezogenen Daten nur im Rahmen der oben beschriebenen Zwecke weiter, soweit erlaubt und angezeigt, an Empf\u00e4nger bzw. Dritte weiter. Hierzu k\u00f6nnen insbesondere z\u00e4hlen:<\/p>\n\n\n\n<ul class=\"wp-block-list\">\n<li>Dienstleistungsunternehmen wie beispielsweise Banken, Verm\u00f6gensverwaltungsgesellschaften, Versicherungen, IT-Provider, Druckereibetriebe<\/li>\n\n\n\n<li>Lieferanten, H\u00e4ndler, Transportunternehmen, Subunternehmer oder sonstige Kooperationspartner<\/li>\n\n\n\n<li>Beh\u00f6rden, staatliche Einrichtungen, Gerichte, Revisionsstelle<\/li>\n\n\n\n<li>Verb\u00e4nde, Einrichtungen des \u00f6ffentlichen Interesses<\/li>\n<\/ul>\n\n\n\n<p>Solch eine Datenweitergabe beruht entweder auf einer gesetzlichen Pflicht (z.B. Daten\u00fcbermittlung im Zuge des Automatischen Informationsaustauschs), einer Vertragserf\u00fcllung (z.B. Verm\u00f6gensverwalter im Ausland), einer Einwilligung Ihrerseits, einem \u00f6ffentlichen Interesse oder auf Basis eines berechtigten Interesses unsererseits, sofern nicht die Interessen oder Grundrechte und Grundfreiheiten Ihrerseits in Bezug auf den Schutz personenbezogener Daten \u00fcberwiegen.<\/p>\n\n\n\n<p>Die Empf\u00e4nger k\u00f6nnen im In- oder Ausland sein. Insbesondere weisen wir Sie darauf hin, dass wir Personendaten innerhalb unserer Gruppenunternehmen austauschen k\u00f6nnen oder personenbezogene Daten in L\u00e4nder \u00fcbermitteln, in welchen Dienstleistungsunternehmen ans\u00e4ssig sind, von welchen wir Dienstleistungen beziehen (z.B. Microsoft, SAP, Google u.a.m.).<\/p>\n\n\n\n<p>Im Falle von Empf\u00e4ngern ausserhalb unseres Unternehmens im Raum EU\/EWR oder in L\u00e4ndern mit anerkannter Datenschutzangemessenheit (z.B. Schweiz), stellen wir den Datenschutz sicher, indem wir \u2013 sofern notwendig und angezeigt \u2013 sogenannte Auftragsdatenverarbeitungsvereinbarungen abschliessen.<\/p>\n\n\n\n<p>Sollten wir personenbezogene Daten an Drittl\u00e4nder ohne angemessenem gesetzlichen Datenschutz \u00fcbermitteln, sorgen wir gem\u00e4ss gesetzlicher Vorgaben f\u00fcr ein angemessenes Schutzniveau, beispielsweise auf Basis von EU-Standardvertragsklauseln oder anderer Instrumente (z.B. Binding Corporate Rules, US Privacy Shield).<\/p>\n\n\n\n<h2 class=\"wp-block-heading\">4 Nutzung unserer Website<\/h2>\n\n\n\n<p>In Erg\u00e4nzung zu obigen Ausf\u00fchrungen informieren wie Sie rund um die Nutzung unserer Websites zum Einsatz von Cookies, Analytics\/Tracking oder anderen Technologien wie folgt:<\/p>\n\n\n\n<p>Bei der bloss informatorischen Nutzung der Website (d.h. wenn Sie sich nicht zur Nutzung der Website anmelden, registrieren oder uns sonst Informationen \u00fcbermitteln) erheben wir keine personenbezogenen Daten, mit Ausnahme der Daten, die Ihr Browser \u00fcbermittelt, um Ihnen den Besuch der Website zu erm\u00f6glichen, wozu insbesondere folgende personenbezogene Daten z\u00e4hlen k\u00f6nnen:<\/p>\n\n\n\n<ul class=\"wp-block-list\">\n<li>IP-Adresse<\/li>\n\n\n\n<li>Datum und Uhrzeit der Anfrage<\/li>\n\n\n\n<li>Zeitzonendifferenz zur Greenwich Mean Time (GMT)<\/li>\n\n\n\n<li>Inhalt der Anforderung (konkrete Seite)<\/li>\n\n\n\n<li>Zugriffsstatus\/HTTP-Statuscode<\/li>\n\n\n\n<li>Jeweils \u00fcbertragene Datenmenge<\/li>\n\n\n\n<li>Website von der die Anforderung kommt<\/li>\n\n\n\n<li>Verwendeter Browser<\/li>\n\n\n\n<li>Betriebssystem und dessen Oberfl\u00e4che<\/li>\n\n\n\n<li>Sprache und Version der Browsersoftware<\/li>\n<\/ul>\n\n\n\n<p>Unsere Website, sowie verschiedenste Online-Dienste, wie z.B. Google, verwendet so genannte Cookies. Es handelt sich hierbei um kleine Textdateien, die mit Hilfe des Browsers auf Ihrem Endger\u00e4t abgelegt werden. Die Cookies richten keinen Schaden an.<\/p>\n\n\n\n<p>Wir nutzen sie lediglich dazu, um unser Angebot nutzerfreundlicher zu gestalten. Einige Cookies bleiben auf Ihrem Endger\u00e4t gespeichert, bis Sie diese l\u00f6schen. Sie erm\u00f6glichen es uns, Ihren Browser beim n\u00e4chsten Besuch wiederzuerkennen.<\/p>\n\n\n\n<p>Wenn Sie dies nicht w\u00fcnschen, so k\u00f6nnen Sie Ihren Browser so einrichten, dass er Sie \u00fcber das Setzen von Cookies informiert und Sie dies nur im Einzelfall erlauben. Wir weisen Sie jedoch darauf hin, dass Sie in diesem Fall gegebenenfalls nicht s\u00e4mtliche Funktionen unserer Websites vollumf\u00e4nglich nutzen k\u00f6nnen.<\/p>\n\n\n\n<h1 class=\"wp-block-heading\">5 Nutzung anderer Web-dienste<\/h1>\n\n\n\n<h2 class=\"wp-block-heading\">5.1&nbsp;&nbsp;&nbsp;&nbsp;&nbsp; Real Cookie Banner<\/h2>\n\n\n\n<p>Zur Verwaltung der eingesetzten Cookies und \u00e4hnlichen Technologien (Tracking-Pixel, Web-Beacons etc.) und diesbez\u00fcglicher Einwilligungen setzen wir das Consent Tool &#8222;Real Cookie Banner&#8220; ein. Details zur Funktionsweise von &#8222;Real Cookie Banner&#8220; finden Sie unter <a href=\"https:\/\/devowl.io\/de\/rcb\/datenverarbeitung\/\" target=\"_blank\" rel=\"noreferrer noopener\">https:\/\/devowl.io\/de\/rcb\/datenverarbeitung\/<\/a>.<\/p>\n\n\n\n<p>Rechtsgrundlagen f\u00fcr die Verarbeitung von personenbezogenen Daten in diesem Zusammenhang sind Art. 6 Abs. 1 lit. c DS-GVO und Art. 6 Abs. 1 lit. f DS-GVO. Unser berechtigtes Interesse ist die Verwaltung der eingesetzten Cookies und \u00e4hnlichen Technologien und der diesbez\u00fcglichen Einwilligungen.<\/p>\n\n\n\n<p>Die Bereitstellung der personenbezogenen Daten ist weder vertraglich vorgeschrieben noch f\u00fcr den Abschluss eines Vertrages notwendig. Sie sind nicht verpflichtet die personenbezogenen Daten bereitzustellen. Wenn Sie die personenbezogenen Daten nicht bereitstellen, k\u00f6nnen wir Ihre Einwilligungen nicht verwalten.<\/p>\n\n\n\n<h2 class=\"wp-block-heading\">5.2 Matomo<\/h2>\n\n\n\n<p>Wir setzen auf unserer Website Matomo (ehemals Piwik) ein, eine Open-Source-Software zur statistischen Auswertung der Besucherzugriffe. Matomo verwendet Cookies, kleine Textdateien, die auf Ihrem Computer gespeichert werden und die eine Analyse der Benutzung der Website durch Sie erm\u00f6glichen.<\/p>\n\n\n\n<p>Die durch den Cookie erzeugten Informationen \u00fcber Ihre Nutzung unserer Website werden auf unserem Server gespeichert und nicht an Dritte weitergegeben. Ihre IP-Adresse wird bei diesem Vorgang umgehend anonymisiert, sodass Sie als Nutzer f\u00fcr uns anonym bleiben. Die Informationen, die der Cookie \u00fcber Ihren Besuch der Website generiert, werden nicht dazu verwendet, Sie pers\u00f6nlich zu identifizieren.<\/p>\n\n\n\n<p>Die Verwendung von Matomo dient dem Zweck, die Qualit\u00e4t unserer Website und ihrer Inhalte zu verbessern. Durch die Auswertung der Nutzungsdaten k\u00f6nnen wir erfahren, wie unsere Website genutzt wird, und so unser Angebot stetig optimieren.<\/p>\n\n\n\n<p>Die Verarbeitung der Daten erfolgt auf der Grundlage unseres berechtigten Interesses an der Optimierung unserer Website gem\u00e4\u00df Art. 6 Abs. 1 lit. f DSGVO. Die Interessen der Nutzer werden durch die Anonymisierung der IP-Adressen hinreichend gewahrt.<\/p>\n\n\n\n<p>Wenn Sie mit der Speicherung und Auswertung dieser Daten aus Ihrem Besuch nicht einverstanden sind, k\u00f6nnen Sie der Speicherung und Nutzung jederzeit durch einen Klick widersprechen. In diesem Fall wird in Ihrem Browser ein sog. Opt-Out-Cookie abgelegt, was zur Folge hat, dass Matomo keinerlei Sitzungsdaten erhebt. Beachten Sie, dass die vollst\u00e4ndige L\u00f6schung Ihrer Cookies zur Folge hat, dass auch das Opt-Out-Cookie gel\u00f6scht wird und ggf. von Ihnen erneut aktiviert werden muss.<\/p>\n\n\n\n<h2 class=\"wp-block-heading\">5.3&nbsp;&nbsp;&nbsp;&nbsp;&nbsp; SSl- bzw. TLS-verschl\u00fcsselung<\/h2>\n\n\n\n<p>Diese Seite nutzt aus Sicherheitsgr\u00fcnden und zum Schutz der \u00dcbertragung vertraulicher Inhalte, wie zum Beispiel Bestellungen oder Anfragen, die Sie an uns als Seitenbetreiber senden, eine SSL-bzw. TLS-Verschl\u00fcsselung. Eine verschl\u00fcsselte Verbindung erkennen Sie daran, dass die Adresszeile des Browsers von \u201chttp:\/\/\u201d auf \u201chttps:\/\/\u201d wechselt und an dem Schloss-Symbol in Ihrer Browserzeile.<\/p>\n\n\n\n<p>Wenn die SSL- bzw. TLS-Verschl\u00fcsselung aktiviert ist, k\u00f6nnen die Daten, die Sie an uns \u00fcbermitteln, nicht von Dritten mitgelesen werden.<\/p>\n\n\n\n<h2 class=\"wp-block-heading\">5.4 LightSpeed<\/h2>\n\n\n\n<p>Diese Website nutzt Caching, um eine schnellere Antwortzeit und eine bessere Benutzererfahrung zu erm\u00f6glichen. Caching speichert m\u00f6glicherweise eine Duplikatkopie jeder angezeigten Webseite dieser Site. Alle Cache-Dateien sind tempor\u00e4r und werden niemals von Dritten zugegriffen, au\u00dfer es ist notwendig, um technischen Support vom Anbieter des Cache-Plugins zu erhalten. Cache-Dateien verfallen nach einem vom Website-Administrator festgelegten Zeitplan, k\u00f6nnen aber bei Bedarf vom Admin vor ihrem nat\u00fcrlichen Ablauf gel\u00f6scht werden. Wir k\u00f6nnen Dienste von QUIC.cloud verwenden, um Ihre Daten vor\u00fcbergehend zu verarbeiten und zu cachen. Bitte sehen Sie unter <a href=\"https:\/\/quic.cloud\/privacy-policy\/\" target=\"_blank\" rel=\"noreferrer noopener\">https:\/\/quic.cloud\/privacy-policy\/<\/a> f\u00fcr weitere Details nach.<\/p>\n\n\n\n<h2 class=\"wp-block-heading\">5.5 NinjaFirewall<\/h2>\n\n\n\n<p><strong>Einsatz von NinjaFirewall<\/strong><\/p>\n\n\n\n<p>Um die Sicherheit unserer Website zu gew\u00e4hrleisten und sie vor externen Bedrohungen wie Malware, Brute-Force-Angriffen und anderen Sicherheitsrisiken zu sch\u00fctzen, setzen wir NinjaFirewall, ein Web Application Firewall (WAF)-Plugin, ein. NinjaFirewall hilft uns, den Datenverkehr auf unserer Website zu \u00fcberwachen und zu filtern, um unbefugten Zugriff und sch\u00e4dliche Aktivit\u00e4ten zu verhindern.<\/p>\n\n\n\n<p><strong>Welche Daten erfasst NinjaFirewall?<\/strong><\/p>\n\n\n\n<p>NinjaFirewall kann Daten \u00fcber Besucher unserer Website erfassen, um seine Sicherheitsfunktionen auszuf\u00fchren. Dazu geh\u00f6ren:<\/p>\n\n\n\n<ul class=\"wp-block-list\">\n<li>IP-Adressen, um potenziell sch\u00e4dliches Verhalten zu identifizieren und abzuwehren.<\/li>\n\n\n\n<li>Zugriffszeiten und -daten, um Muster in Sicherheitsbedrohungen zu erkennen.<\/li>\n\n\n\n<li>Typ des verwendeten Browsers und Betriebssystem, um spezifische Sicherheitsl\u00fccken zu identifizieren.<\/li>\n\n\n\n<li>Zugriffsversuche auf die Website, einschlie\u00dflich URLs und Anfrageparameter.<\/li>\n<\/ul>\n\n\n\n<p><strong>Zweck der Datenerhebung<\/strong><\/p>\n\n\n\n<p>Die durch NinjaFirewall gesammelten Daten werden ausschlie\u00dflich zum Zweck der Gew\u00e4hrleistung der Sicherheit und Integrit\u00e4t unserer Website verwendet. Dies umfasst:<\/p>\n\n\n\n<ul class=\"wp-block-list\">\n<li>Die Abwehr von Hackerangriffen, Malware-Verbreitung und anderen Formen der Cyberkriminalit\u00e4t.<\/li>\n\n\n\n<li>Die Erkennung und Verhinderung von unbefugtem Zugriff oder Missbrauch der Website.<\/li>\n\n\n\n<li>Die Verbesserung unserer Sicherheitsma\u00dfnahmen auf Basis erkannter Bedrohungen.<\/li>\n<\/ul>\n\n\n\n<p><strong>Speicherung und Weitergabe der Daten<\/strong><\/p>\n\n\n\n<p>Die von NinjaFirewall gesammelten Daten werden nur so lange gespeichert, wie es f\u00fcr die Sicherheitsanalyse und -abwehr notwendig ist. Wir teilen diese Daten nicht mit Dritten, es sei denn, es ist gesetzlich vorgeschrieben oder im Rahmen der Abwehr und Untersuchung von Sicherheitsvorf\u00e4llen notwendig.<\/p>\n\n\n\n<h2 class=\"wp-block-heading\">5.6 Hosting<\/h2>\n\n\n\n<p>Diese Website wird bei einem externen Dienstleister gehostet (cyon GmbH, Brunng\u00e4sslein 12, CH \u2013 4052 Basel). Die personenbezogenen Daten, die auf dieser Website erfasst werden, werden auf den Servern des Hosters gespeichert. Hierbei kann es sich v. a. um IP-Adressen, Kontaktanfragen, Meta- und Kommunikationsdaten, Vertragsdaten, Kontaktdaten, Namen, Webseitenzugriffe und sonstige Daten, die \u00fcber eine Website generiert werden, handeln.<\/p>\n\n\n\n<p>Der Einsatz des Hosters erfolgt zum Zwecke der Vertragserf\u00fcllung gegen\u00fcber unseren potenziellen und bestehenden Kunden (Art. 6 Abs. 1 lit. b DSGVO) und im Interesse einer sicheren, schnellen und effizienten Bereitstellung unseres Online-Angebots durch einen professionellen Anbieter (Art. 6 Abs. 1 lit. f DSGVO).<\/p>\n\n\n\n<p>Unser Hoster wird Ihre Daten nur insoweit verarbeiten, wie dies zur Erf\u00fcllung seiner Leistungspflichten erforderlich ist und unsere Weisungen in Bezug auf diese Daten befolgen.<\/p>\n\n\n\n<p>Um die datenschutzkonforme Verarbeitung zu gew\u00e4hrleisten, haben wir einen Vertrag \u00fcber Auftragsverarbeitung mit unserem Hoster geschlossen.<\/p>\n\n\n\n<h2 class=\"wp-block-heading\">5.7&nbsp;&nbsp;&nbsp;&nbsp;&nbsp; Weitere Web-Dienste<\/h2>\n\n\n\n<p>F\u00fcr den Einsatz weiterer Web-Dienste, wie z.B. sozialen Medien (XING, LinkedIn, Facebook, Slack, etc.), YouTube, Vimeo, etc., gelten zus\u00e4tzlich zur Datenschutzgrundverordnung, welche als vorrangig zu behandeln ist, noch deren Datenschutzerkl\u00e4rungen, die jeweils auf den Webseiten der Anbieter abrufbar sind.&nbsp;<\/p>\n\n\n\n<h2 class=\"wp-block-heading\">6 Datenschutz bei Bewerbungen und im Bewerbungsverfahren<\/h2>\n\n\n\n<p>Wir erheben und verarbeiten personenbezogene Daten von Bewerbern zum Zwecke der Abwicklung des Bewerbungsverfahrens. Die Verarbeitung kann auf Papier oder auch auf elektronischem Wege per E-Mail oder durch Ausf\u00fcllen eines Webformulars erfolgen. Kommt es zum Abschluss eines Arbeitsvertrages mit einem Bewerber, so werden die erhaltenen Personendaten zum Zwecke der Abwicklung des Besch\u00e4ftigungsverh\u00e4ltnisses unter Beachtung der gesetzlichen Vorschriften verarbeitet. Andernfalls werden die Bewerbungsunterlagen drei Monate nach erfolgter Absage gel\u00f6scht, sofern einer L\u00f6schung keine berechtigten Interessen unsererseits, beispielsweise im Zusammenhang einer Beweispflicht im Sinne einer Gleichbehandlung, entgegenstehen.<\/p>\n\n\n\n<h2 class=\"wp-block-heading\">7 Speicherdauer<\/h2>\n\n\n\n<p>Wir bewahren Ihre personenbezogenen Daten grunds\u00e4tzlich nur so lange auf, wie es f\u00fcr die Zwecke, f\u00fcr die sie gem\u00e4ss dieser Datenschutzerkl\u00e4rung erhoben wurden, erforderlich ist. Es kann jedoch vorkommen, dass wir gesetzlich verpflichtet sind, bestimmte Daten \u00fcber einen l\u00e4ngeren Zeitraum zu speichern. In diesem Fall tragen wir daf\u00fcr Sorge, dass Ihre personenbezogenen Daten \u00fcber den gesamten Zeitraum gem\u00e4ss dieser Datenschutzerkl\u00e4rung behandelt werden.<\/p>\n\n\n\n<h2 class=\"wp-block-heading\">8 Ihre Rechte<\/h2>\n\n\n\n<p>Sie haben das Recht, von uns jederzeit kostenfrei Auskunft zu verlangen \u00fcber die zu Ihnen bei uns gespeicherten personenbezogenen Daten, sowie zu deren Herkunft, Empf\u00e4ngern oder Kategorien von Empf\u00e4ngern, an die diese personenbezogenen Daten weitergegeben werden und den Zweck der Speicherung.<\/p>\n\n\n\n<p>Sie haben weiterhin das Recht, von uns jederzeit Berichtigung, L\u00f6schung oder Einschr\u00e4nkung der Verarbeitung Ihrer personenbezogenen Daten zu verlangen. Zudem steht Ihnen das Recht auf Daten\u00fcbertragbarkeit zu.<\/p>\n\n\n\n<p>Sie haben ausserdem das Recht, jederzeit der Verarbeitung Ihrer personenbezogenen Daten durch uns zu widersprechen.<\/p>\n\n\n\n<p>Wenn Sie uns eine Einwilligung zur Nutzung von personenbezogenen Daten erteilt haben, k\u00f6nnen Sie diese jederzeit ohne Angabe von Gr\u00fcnden widerrufen.<\/p>\n\n\n\n<p>Weiterhin steht Ihnen das Recht zu, sich direkt bei der Datenschutzstelle Liechtensteins (<a href=\"https:\/\/www.datenschutzstelle.li\/\" target=\"_blank\" rel=\"noreferrer noopener\">www.datenschutzstelle.li<\/a>) zu beschweren.<\/p>\n\n\n\n<p>Sofern Sie die vorstehenden Rechte geltend machen m\u00f6chten, wenden Sie sich bitte an die unter Absatz 1 genannte Adresse.<\/p>\n\n\n\n<h2 class=\"wp-block-heading\">9 Datensicherheit<\/h2>\n\n\n\n<p>Wir unterhalten aktuelle technische Massnahmen zur Gew\u00e4hrleistung der Datensicherheit, insbesondere zum Schutz Ihrer personenbezogenen Daten vor Gefahren bei Daten\u00fcbertragungen sowie vor Kenntniserlangung durch Dritte. Diese werden dem aktuellen Stand der Technik entsprechend jeweils angepasst.<\/p>\n\n\n\n<h2 class=\"wp-block-heading\">10 \u00c4nderung<\/h2>\n\n\n\n<p>Im Rahmen der technischen Weiterentwicklung unseres Dienstleistungsangebotes sowie des gesetzlichen Rahmens werden wir auch unsere Datenschutzerkl\u00e4rung laufend anpassen. Hierzu werden \u00c4nderungen der Datenschutzerkl\u00e4rung auf unserer Webseite ver\u00f6ffentlicht. Bitte lesen Sie daher regelm\u00e4ssig die jeweils aktuelle Fassung der vorliegenden Datenschutzerkl\u00e4rung. Vorbehaltlich der geltenden Rechtsvorschriften treten alle \u00c4nderungen der Datenschutzerkl\u00e4rung in Kraft, sobald die aktualisierte Datenschutzerkl\u00e4rung ver\u00f6ffentlicht wird. Sollten wir bereits Daten \u00fcber Sie erfasst haben und\/oder einer gesetzlichen Informationspflicht unterliegen, werden wir Sie zus\u00e4tzlich \u00fcber wesentliche \u00c4nderungen unserer Datenschutzerkl\u00e4rung informieren und Sie um Ihre Zustimmung bitten, sollte dies gesetzlich erforderlich sein.<\/p>\n\n\n<p>[rcb-consent type=&#8220;change&#8220; tag=&#8220;a&#8220; text=&#8220;Privatsph\u00e4re-Einstellungen \u00e4ndern&#8220;]<br \/>\n[rcb-consent type=&#8220;history&#8220; tag=&#8220;a&#8220; text=&#8220;Historie der Privatsph\u00e4re-Einstellungen&#8220;]<br \/>\n[rcb-consent type=&#8220;revoke&#8220; tag=&#8220;a&#8220; text=&#8220;Einwilligungen widerrufen&#8220; successmessage=&#8220;Sie haben die Einwilligung f\u00fcr Services mit dessen Cookies und Verarbeitung personenbezogener Daten erfolgreich widerrufen. Die Seite wird jetzt neu geladen!&#8220;]<\/p>\n","protected":false},"excerpt":{"rendered":"<p>Impressum &amp; Datenschutz Alle Inhalte \u00a9 Copyright&nbsp;TTA Trevisa-Treuhand-Anstalt Publikation und Verwaltung der Inhalte:TTA Trevisa-Treuhand-AnstaltLandstrasse 15, Postfach 163FL-9496 Balzers, F\u00fcrstentum LiechtensteinTelefon +423 388 15 15Fax +423 388 15 30 Technische Verwaltung:SteinCastle GmbHTelefon&nbsp;+41 79 66 11 600Internet:&nbsp;steincastle.com Website Konzept, Webdesign und Programmierung:SteinCastle GmbH,&nbsp;steincastle.com Datenschutzerkl\u00e4rung Version vom 10.04.2024 Vielen Dank f\u00fcr Ihr Interesse an unserem Unternehmen. Datenschutz ist [&hellip;]<\/p>\n","protected":false},"author":1,"featured_media":0,"parent":0,"menu_order":0,"comment_status":"closed","ping_status":"closed","template":"","meta":{"footnotes":""},"class_list":["post-49","page","type-page","status-publish","hentry"],"_links":{"self":[{"href":"https:\/\/tta.li\/en\/wp-json\/wp\/v2\/pages\/49","targetHints":{"allow":["GET"]}}],"collection":[{"href":"https:\/\/tta.li\/en\/wp-json\/wp\/v2\/pages"}],"about":[{"href":"https:\/\/tta.li\/en\/wp-json\/wp\/v2\/types\/page"}],"author":[{"embeddable":true,"href":"https:\/\/tta.li\/en\/wp-json\/wp\/v2\/users\/1"}],"replies":[{"embeddable":true,"href":"https:\/\/tta.li\/en\/wp-json\/wp\/v2\/comments?post=49"}],"version-history":[{"count":26,"href":"https:\/\/tta.li\/en\/wp-json\/wp\/v2\/pages\/49\/revisions"}],"predecessor-version":[{"id":323,"href":"https:\/\/tta.li\/en\/wp-json\/wp\/v2\/pages\/49\/revisions\/323"}],"wp:attachment":[{"href":"https:\/\/tta.li\/en\/wp-json\/wp\/v2\/media?parent=49"}],"curies":[{"name":"wp","href":"https:\/\/api.w.org\/{rel}","templated":true}]}}