{"id":6,"date":"2019-08-08T11:01:22","date_gmt":"2019-08-08T11:01:22","guid":{"rendered":"https:\/\/tta.steincastle.com\/?page_id=6"},"modified":"2021-04-27T14:32:43","modified_gmt":"2021-04-27T14:32:43","slug":"herzlich-willkommen","status":"publish","type":"page","link":"https:\/\/tta.li\/en\/","title":{"rendered":"Welcome"},"content":{"rendered":"<p>TTA Trevisa-Treuhand-Anstalt provides comprehensive services in the field of corporate law, investment advice, structural planning, asset protection and financial management.<\/p>\n\n\n\n<p>&nbsp;<\/p>\n\n\n\n<p class=\"subtitle\">Core areas of expertise<\/p>\n\n\n\n<ul class=\"wp-block-list\"><li><a href=\"https:\/\/tta.li\/en\/dienstleistungen\/gruendung-von-firmen\/\"><\/a><a href=\"https:\/\/tta.li\/en\/dienstleistungen\/gruendung-von-firmen\/\">Formation of public limited companies, GmbHs and establishments<\/a><\/li><li><a href=\"https:\/\/tta.li\/en\/dienstleistungen\/gruendung-von-stiftungen\/\">Formation of foundations including advisory service<\/a><\/li><li><a href=\"https:\/\/tta.li\/en\/dienstleistungen\/errichten-von-trusts\/\">Creation of trusts according to the Common Law concept<\/a><\/li><li><a href=\"https:\/\/tta.li\/en\/dienstleistungen\/nachlassplanung\/\">Estate planning<\/a><\/li><li><a href=\"https:\/\/tta.li\/en\/dienstleistungen\/asset-protection\/\">Wealth Preservation<\/a><\/li><li><a href=\"https:\/\/tta.li\/en\/dienstleistungen\/steuerrecht\/\">National and international Tax law<\/a><\/li><li><strong>Accounting services, payroll and preparation and advise of annual financial statements \/ VAT returns<\/strong><\/li><\/ul>\n\n\n\n<p><\/p>","protected":false},"excerpt":{"rendered":"<p>Die TTA Trevisa-Treuhand-Anstalt&nbsp;bietet&nbsp;umfassende Dienstleistungen in den Bereichen Gesellschaftsrecht, Verm\u00f6gensberatung, Planung von Strukturen, Verm\u00f6genssicherung und Finanzverwaltung. &nbsp; Schwerpunktgebiete Gr\u00fcndung und Verwaltung von Aktiengesellschaften, GmbHs, Anstalten Gr\u00fcndung und Verwaltung von Stiftungen samt Beratung Errichten von Trusts nach angels\u00e4chsischem Konzept Nachlassplanung Wealth Preservation Steuerrecht (national und international) Buchhaltung, Lohnbuchhaltung, Abschlussberatung<\/p>","protected":false},"author":1,"featured_media":0,"parent":0,"menu_order":0,"comment_status":"closed","ping_status":"closed","template":"","meta":{"footnotes":""},"class_list":["post-6","page","type-page","status-publish","hentry"],"_links":{"self":[{"href":"https:\/\/tta.li\/en\/wp-json\/wp\/v2\/pages\/6","targetHints":{"allow":["GET"]}}],"collection":[{"href":"https:\/\/tta.li\/en\/wp-json\/wp\/v2\/pages"}],"about":[{"href":"https:\/\/tta.li\/en\/wp-json\/wp\/v2\/types\/page"}],"author":[{"embeddable":true,"href":"https:\/\/tta.li\/en\/wp-json\/wp\/v2\/users\/1"}],"replies":[{"embeddable":true,"href":"https:\/\/tta.li\/en\/wp-json\/wp\/v2\/comments?post=6"}],"version-history":[{"count":9,"href":"https:\/\/tta.li\/en\/wp-json\/wp\/v2\/pages\/6\/revisions"}],"predecessor-version":[{"id":209,"href":"https:\/\/tta.li\/en\/wp-json\/wp\/v2\/pages\/6\/revisions\/209"}],"wp:attachment":[{"href":"https:\/\/tta.li\/en\/wp-json\/wp\/v2\/media?parent=6"}],"curies":[{"name":"wp","href":"https:\/\/api.w.org\/{rel}","templated":true}]}}